{"id":3,"date":"2020-09-23T16:40:22","date_gmt":"2020-09-23T14:40:22","guid":{"rendered":"http:\/\/crbeton.ch\/?page_id=3"},"modified":"2023-09-01T22:37:39","modified_gmt":"2023-09-01T20:37:39","slug":"politique-de-confidentialite","status":"publish","type":"page","link":"https:\/\/crbeton.ch\/index.php\/politique-de-confidentialite\/","title":{"rendered":"Politique de confidentialit\u00e9"},"content":{"rendered":"\t\t<div data-elementor-type=\"wp-page\" data-elementor-id=\"3\" class=\"elementor elementor-3\">\n\t\t\t\t\t\t\t\t\t<section class=\"elementor-section elementor-top-section elementor-element elementor-element-582ab6c elementor-section-boxed elementor-section-height-default elementor-section-height-default\" data-id=\"582ab6c\" data-element_type=\"section\">\n\t\t\t\t\t\t<div class=\"elementor-container elementor-column-gap-default\">\n\t\t\t\t\t<div class=\"elementor-column elementor-col-100 elementor-top-column elementor-element elementor-element-439264a4\" data-id=\"439264a4\" data-element_type=\"column\">\n\t\t\t<div class=\"elementor-widget-wrap elementor-element-populated\">\n\t\t\t\t\t\t\t\t<div class=\"elementor-element elementor-element-9c9df70 elementor-widget elementor-widget-text-editor\" data-id=\"9c9df70\" data-element_type=\"widget\" data-widget_type=\"text-editor.default\">\n\t\t\t\t<div class=\"elementor-widget-container\">\n\t\t\t\t\t\t\t<h4><strong><br><\/strong><\/h4><h4><strong><br><\/strong><\/h4><h4><strong><br><\/strong><\/h4><h4><strong><br><\/strong><\/h4><h4><strong>Politique de confidentialit\u00e9<\/strong><\/h4>\n<p>La pr\u00e9sente politique de confidentialit\u00e9 d\u00e9crit comment nous collectons, utilisons, traitons et prot\u00e9geons vos donn\u00e9es personnelles lorsque vous utilisez notre site web. Veuillez lire attentivement cette politique de confidentialit\u00e9 avant d\u2019utiliser notre site. La pre\u0301sente de\u0301claration s\u2019appuie sur le Re\u0300glement europe\u0301en sur la protection des donne\u0301es (RGPD) et de la nouvelle loi (nLPD) Suisse sur la protection des donn\u00e9es.&nbsp; Il est tr\u00e9s important pour nous de garantir que les donne\u0301es de nos clients sont traite\u0301es dans le respect de leur vie prive\u0301e. Nous nous imposons une totale transparence a\u0300 ce sujet.<\/p>\n<p><\/p>\n<h3>Qui sommes-nous?<\/h3>\n<p>Notre site web est : https:\/\/crbeton.ch\/<\/p>\n<p>.<\/p>\n<ol>\n<li><strong>Utilisation des donn\u00e9es personnelles<\/strong><br>Nous utilisons les donn\u00e9es personnelles que nous collectons dans le but de vous fournir les informations, les produits ou les services demand\u00e9s, de vous contacter, de personnaliser votre exp\u00e9rience sur notre site web, d\u2019am\u00e9liorer nos produits et services, et de vous informer des mises \u00e0 jour ou des offres sp\u00e9ciales. Nous traitons vos donne\u0301es dans le cadre et sur la base de ce consentement, a\u0300 moins qu\u2019il existe une autre base juridique ou d\u2019autres justes motifs. Un consentement donne\u0301 peut e\u0302tre re\u0301voque\u0301 a\u0300 tout moment ; cette re\u0301vocation n\u2019aura toutefois aucun effet sur les donne\u0301es de\u0301ja\u0300 traite\u0301<\/li>\n<li><strong>Partage des donn\u00e9es personnelles<\/strong><br>Nous pouvons partager vos donn\u00e9es personnelles avec des tiers de confiance, tels que des prestataires de services tiers qui nous aident \u00e0 g\u00e9rer notre site web ou \u00e0 fournir des services connexes. Nous veillons \u00e0 ce que ces tiers respectent la confidentialit\u00e9 de vos donn\u00e9es personnelles et les utilisent uniquement aux fins convenues.<\/li>\n<li><strong>Cookies et technologies similaires<\/strong><br>Notre site web utilise des cookies et d\u2019autres technologies similaires pour am\u00e9liorer votre exp\u00e9rience en ligne, analyser les tendances, administrer le site, suivre les mouvements des utilisateurs et recueillir des informations d\u00e9mographiques. Les \u00ab cookies \u00bb et autres techniques similaires permettent d\u2019identifier votre navigateur ou votre appareil. Un cookie est un petit fichier qui est envoye\u0301 a\u0300 votre ordinateur, voire enregistre\u0301 automatiquement sur votre ordinateur ou votre appareil mobile, par le navigateur Web que vous utilisez lorsque vous visitez notre site web. Lorsque vous vous reconnectez \u00e0 notre site, gr\u00e2ce \u00e0 eux, nous pouvons vous reconnai\u0302tre. Vous pouvez contr\u00f4ler les cookies via les param\u00e8tres de votre navigateur.<\/li>\n<li><strong>Liens vers des sites tiers<\/strong><br>Notre site web peut contenir des liens vers des sites web tiers. Nous n\u2019exer\u00e7ons aucun contr\u00f4le sur ces sites et nous ne sommes pas responsables de leurs pratiques en mati\u00e8re de confidentialit\u00e9. Nous vous recommandons de consulter les politiques de confidentialit\u00e9 de ces sites tiers avant de fournir vos donn\u00e9es personnelles.<\/li>\n<li><strong>Droits des utilisateurs<\/strong><br>Vous avez le droit d\u2019acc\u00e9der \u00e0 vos donn\u00e9es personnelles, de les corriger, de les mettre \u00e0 jour ou de les supprimer. Si vous souhaitez exercer ces droits ou si vous avez des questions ou des pr\u00e9occupations concernant notre politique de confidentialit\u00e9, veuillez nous contacter \u00e0 l\u2019adresse <a href=\"mailto:info@crbeton.ch\">info@crbeton.ch <\/a>ou par tout autres moyens mentionn\u00e9s dans les&nbsp;<a href=\"https:\/\/crbeton.ch\/index.php\/mentions-legales\/\">mentions l\u00e9gales&nbsp;<\/a><\/li>\n<li><strong>Conservation des donn\u00e9es personnelles<\/strong><br>Nous ne conservons vos donn\u00e9es personnelles que pendant la dur\u00e9e n\u00e9cessaire aux fins pour lesquelles elles ont \u00e9t\u00e9 collect\u00e9es, sauf si une conservation plus longue est requise par la loi. Nous prendrons les mesures appropri\u00e9es pour supprimer ou anonymiser vos donn\u00e9es personnelles lorsque nous n\u2019en aurons plus besoin.<\/li>\n<li><strong>Collecte des donn\u00e9es personnelles<\/strong><br>Nous pouvons collecter des donn\u00e9es personnelles vous concernant lorsque vous utilisez les formulaires de notre site web, y compris, sans s\u2019y limiter, votre nom, votre adresse e-mail, votre adresse physique, votre num\u00e9ro de t\u00e9l\u00e9phone, Historique des visites et votre adresse IP. Nous collectons ces donn\u00e9es de diff\u00e9rentes mani\u00e8res, notamment lorsque vous nous les fournissez volontairement, lorsque vous vous inscrivez \u00e0 notre newsletter, lorsque vous remplissez un formulaire de demande de devis ou de contact, \u00e9galement lors d\u2019\u00e9change d\u2019email ou lorsque vous interagissez avec notre site web.<\/li>\n<li><strong>Protection des donn\u00e9es personnelles<\/strong><br>Nous nous engageons \u00e0 prot\u00e9ger la s\u00e9curit\u00e9 de vos donn\u00e9es personnelles. Nous mettons en place des mesures de s\u00e9curit\u00e9 techniques et organisationnelles appropri\u00e9es pour pr\u00e9venir la perte, l\u2019utilisation abusive, l\u2019acc\u00e8s non autoris\u00e9, la divulgation ou la modification de vos donn\u00e9es personnelles.<\/li>\n<li><strong>Modifications de la politique de confidentialit\u00e9<\/strong><br>Nous nous r\u00e9servons le droit de modifier cette politique de confidentialit\u00e9 \u00e0 tout moment et sans pr\u00e9avis. Toute modification prendra effet d\u00e8s sa publication sur notre site web. Nous vous encourageons \u00e0 consulter r\u00e9guli\u00e8rement cette politique de confidentialit\u00e9 pour vous tenir inform\u00e9(e) des \u00e9ventuelles mises \u00e0 jour.<\/li>\n<\/ol>\n<p>En utilisant notre site web, vous acceptez la collecte, l\u2019utilisation et le traitement de vos donn\u00e9es personnelles conform\u00e9ment \u00e0 cette politique de confidentialit\u00e9. &nbsp;<\/p>\t\t\t\t\t\t<\/div>\n\t\t\t\t<\/div>\n\t\t\t\t\t<\/div>\n\t\t<\/div>\n\t\t\t\t\t\t\t<\/div>\n\t\t<\/section>\n\t\t\t\t\t\t\t<\/div>\n\t\t","protected":false},"excerpt":{"rendered":"<p>Politique de confidentialit\u00e9 La pr\u00e9sente politique de confidentialit\u00e9 d\u00e9crit comment nous collectons, utilisons, traitons et prot\u00e9geons vos donn\u00e9es personnelles lorsque vous utilisez notre site web. Veuillez<span class=\"excerpt-hellip\"> [\u2026]<\/span><\/p>\n","protected":false},"author":1,"featured_media":0,"parent":0,"menu_order":0,"comment_status":"closed","ping_status":"open","template":"","meta":{"footnotes":""},"_links":{"self":[{"href":"https:\/\/crbeton.ch\/index.php\/wp-json\/wp\/v2\/pages\/3"}],"collection":[{"href":"https:\/\/crbeton.ch\/index.php\/wp-json\/wp\/v2\/pages"}],"about":[{"href":"https:\/\/crbeton.ch\/index.php\/wp-json\/wp\/v2\/types\/page"}],"author":[{"embeddable":true,"href":"https:\/\/crbeton.ch\/index.php\/wp-json\/wp\/v2\/users\/1"}],"replies":[{"embeddable":true,"href":"https:\/\/crbeton.ch\/index.php\/wp-json\/wp\/v2\/comments?post=3"}],"version-history":[{"count":2,"href":"https:\/\/crbeton.ch\/index.php\/wp-json\/wp\/v2\/pages\/3\/revisions"}],"predecessor-version":[{"id":190,"href":"https:\/\/crbeton.ch\/index.php\/wp-json\/wp\/v2\/pages\/3\/revisions\/190"}],"wp:attachment":[{"href":"https:\/\/crbeton.ch\/index.php\/wp-json\/wp\/v2\/media?parent=3"}],"curies":[{"name":"wp","href":"https:\/\/api.w.org\/{rel}","templated":true}]}}